{"id":123,"date":"2021-02-07T20:28:19","date_gmt":"2021-02-07T20:28:19","guid":{"rendered":"http:\/\/prueba.cplmadrid.com\/?page_id=123"},"modified":"2021-03-10T11:52:09","modified_gmt":"2021-03-10T11:52:09","slug":"prueba-de-pagina","status":"publish","type":"page","link":"https:\/\/www.cplmadrid.com\/?page_id=123","title":{"rendered":"CPLMadrid -F\u00c9NIX-"},"content":{"rendered":"\n<div class=\"wp-block-image is-style-default\"><figure class=\"alignleft size-large is-resized\"><img loading=\"lazy\" decoding=\"async\" src=\"http:\/\/prueba.cplmadrid.com\/wp-content\/uploads\/2020\/12\/logo-metal-979x1024.png\" alt=\"\" class=\"wp-image-8\" width=\"154\" height=\"161\" srcset=\"https:\/\/www.cplmadrid.com\/wp-content\/uploads\/2020\/12\/logo-metal-979x1024.png 979w, https:\/\/www.cplmadrid.com\/wp-content\/uploads\/2020\/12\/logo-metal-600x627.png 600w, https:\/\/www.cplmadrid.com\/wp-content\/uploads\/2020\/12\/logo-metal-287x300.png 287w, https:\/\/www.cplmadrid.com\/wp-content\/uploads\/2020\/12\/logo-metal-768x803.png 768w, https:\/\/www.cplmadrid.com\/wp-content\/uploads\/2020\/12\/logo-metal-816x853.png 816w, https:\/\/www.cplmadrid.com\/wp-content\/uploads\/2020\/12\/logo-metal.png 1247w\" sizes=\"auto, (max-width: 154px) 100vw, 154px\" \/><figcaption>Logo F\u00e9nix 2020<\/figcaption><\/figure><\/div>\n\n\n\n<p class=\"has-small-font-size\">    Somos un Club que practica Hockey sobre patines en L\u00ednea y Patinaje en <strong>Madrid<\/strong>. Tenemos escuelas en los barrios de Moratalaz, Carabanchel, Vic\u00e1lvaro, Vallecas Villa, San Blas, Salamanca.&nbsp;<\/p>\n\n\n\n<p class=\"has-text-align-left has-small-font-size\">    Tenemos equipos en todas las categor\u00edas de la liga regional de Hockey l\u00ednea de la Comunidad de Madrid. Nuestros equipos s\u00e9nior juegan en categor\u00eda nacional. Nuestro primer equipo femenino juega en la Liga Oro, y nuestro primer equipo masculino, juega en Primera Divisi\u00f3n Plata.\u00a0<br>Y nuestros peque\u00f1os se lo pasan de miedo patinando y jugando al hockey. Todos los a\u00f1os organizamos una liga entre los equipos de las diferentes escuelas, desde los peque\u00f1os de 6 a\u00f1os a los peque\u00f1os de 50 participan en sus respectivas categor\u00edas.\u00a0<\/p>\n\n\n\n<p><\/p>\n\n\n\n<hr class=\"wp-block-separator has-text-color has-background is-style-wide\" style=\"background-color:#760002;color:#760002\"\/>\n\n\n\n<p><\/p>\n\n\n\n<h2 class=\"wp-block-heading\"><strong>El comienzo&nbsp;<\/strong><\/h2>\n\n\n\n<p class=\"has-small-font-size\">    En el a\u00f1o 2009, decididos a dar un empuje nuevo al deporte del hockey l\u00ednea, se funda el CPL MADRID (Inicialmente denominado SPV Patinaje). El club compuesto inicialmente por la gran mayor\u00eda de los jugadores y t\u00e9cnicos que hasta esa fecha formaban parte de la disciplina del CDE Sporting de Vallecas CF, en su secci\u00f3n de hockey, comienzan el proyecto de un nuevo club completamente enfocado en el deporte del patinaje. Con ellos lleg\u00f3 la denominaci\u00f3n de Walkyrias para los equipos femeninos.&nbsp;<\/p>\n\n\n\n<p><\/p>\n\n\n\n<div class=\"wp-block-image\"><figure class=\"alignleft size-large is-resized\"><img loading=\"lazy\" decoding=\"async\" src=\"http:\/\/prueba.cplmadrid.com\/wp-content\/uploads\/2021\/01\/WhatsApp-Image-2021-01-24-at-12.26.13-1024x576.jpeg\" alt=\"\" class=\"wp-image-65\" width=\"309\" height=\"174\" srcset=\"https:\/\/www.cplmadrid.com\/wp-content\/uploads\/2021\/01\/WhatsApp-Image-2021-01-24-at-12.26.13-1024x576.jpeg 1024w, https:\/\/www.cplmadrid.com\/wp-content\/uploads\/2021\/01\/WhatsApp-Image-2021-01-24-at-12.26.13-600x338.jpeg 600w, https:\/\/www.cplmadrid.com\/wp-content\/uploads\/2021\/01\/WhatsApp-Image-2021-01-24-at-12.26.13-300x169.jpeg 300w, https:\/\/www.cplmadrid.com\/wp-content\/uploads\/2021\/01\/WhatsApp-Image-2021-01-24-at-12.26.13-768x432.jpeg 768w, https:\/\/www.cplmadrid.com\/wp-content\/uploads\/2021\/01\/WhatsApp-Image-2021-01-24-at-12.26.13-1536x864.jpeg 1536w, https:\/\/www.cplmadrid.com\/wp-content\/uploads\/2021\/01\/WhatsApp-Image-2021-01-24-at-12.26.13.jpeg 2000w\" sizes=\"auto, (max-width: 309px) 100vw, 309px\" \/><\/figure><\/div>\n\n\n\n<p class=\"has-small-font-size\"><br>    Tras ellos se suma la secci\u00f3n de hockey l\u00ednea del Club Pat\u00edn Arganzuela (Los F\u00e9nix de Arganzuela), con la indispensable experiencia de los jugadores y t\u00e9cnicos de este equipo, que se unen al proyecto del nuevo club ese mismo verano. De eta manera comenz\u00f3 la denominaci\u00f3n de F\u00e9nix para los equipos masculinos.&nbsp;De esta forma se da un nuevo impulso al deporte del hockey en l\u00ednea, aprovechando la experiencia adquirida durante diez a\u00f1os. Dando un fuerte enfoque de futuro a todo el entorno deportivo a nivel municipal, auton\u00f3mico y nacional. Por eso los objetivos que se marca este joven proyecto van m\u00e1s all\u00e1 de consolidar las metas conseguidas anteriormente, y que los t\u00e9cnicos deportivos incorporan a la nueva disciplina, sino que realmente se plantea un trabajo fuerte y continuado de difusi\u00f3n deportiva y medi\u00e1tica del deporte del hockey en l\u00ednea, con una junta directiva volcada completamente en alcanzar un programa ambicioso y competitivo.&nbsp;<br>En 2010, tras problemas de denominaci\u00f3n el club realiza las gestiones para cambiar su sombre, con lo cual pasa a ser <strong>CDE Patinaje en L\u00ednea Madrid (CPL MADRID)&nbsp;<\/strong><\/p>\n","protected":false},"excerpt":{"rendered":"<p>Somos un Club que practica Hockey sobre patines en L\u00ednea y Patinaje en Madrid. Tenemos escuelas en los barrios de<\/p>\n","protected":false},"author":1,"featured_media":0,"parent":0,"menu_order":0,"comment_status":"closed","ping_status":"closed","template":"","meta":{"colormag_page_container_layout":"no_sidebar_full_width","colormag_page_sidebar_layout":"right_sidebar","footnotes":""},"class_list":["post-123","page","type-page","status-publish","hentry"],"_links":{"self":[{"href":"https:\/\/www.cplmadrid.com\/index.php?rest_route=\/wp\/v2\/pages\/123","targetHints":{"allow":["GET"]}}],"collection":[{"href":"https:\/\/www.cplmadrid.com\/index.php?rest_route=\/wp\/v2\/pages"}],"about":[{"href":"https:\/\/www.cplmadrid.com\/index.php?rest_route=\/wp\/v2\/types\/page"}],"author":[{"embeddable":true,"href":"https:\/\/www.cplmadrid.com\/index.php?rest_route=\/wp\/v2\/users\/1"}],"replies":[{"embeddable":true,"href":"https:\/\/www.cplmadrid.com\/index.php?rest_route=%2Fwp%2Fv2%2Fcomments&post=123"}],"version-history":[{"count":13,"href":"https:\/\/www.cplmadrid.com\/index.php?rest_route=\/wp\/v2\/pages\/123\/revisions"}],"predecessor-version":[{"id":182,"href":"https:\/\/www.cplmadrid.com\/index.php?rest_route=\/wp\/v2\/pages\/123\/revisions\/182"}],"wp:attachment":[{"href":"https:\/\/www.cplmadrid.com\/index.php?rest_route=%2Fwp%2Fv2%2Fmedia&parent=123"}],"curies":[{"name":"wp","href":"https:\/\/api.w.org\/{rel}","templated":true}]}}